{"id":65705,"date":"2023-03-08T11:21:53","date_gmt":"2023-03-08T10:21:53","guid":{"rendered":"https:\/\/new-evs.hawa.nl\/?page_id=65705"},"modified":"2023-10-03T10:08:31","modified_gmt":"2023-10-03T08:08:31","slug":"articles","status":"publish","type":"page","link":"https:\/\/new-evs.hawa.nl\/es\/articles\/","title":{"rendered":"Email Vendor Selection Articles"},"content":{"rendered":"\n<p>Here you will find the articles to help select, manage and evaluate.<\/p>\n\n\n<ul class=\"display-posts-listing\"><li class=\"listing-item\"><div class=\"listing-image\"><a href=\"https:\/\/new-evs.hawa.nl\/es\/creadores-plantillas-email-gmail\/\" class=\"image\"><img loading=\"lazy\" decoding=\"async\" src=\"https:\/\/new-evs.hawa.nl\/wp-content\/uploads\/creadores-de-plantillas-de-email-para-Gmail-gratuitos-220x145.jpg\" class=\"attachment-thumbnail size-thumbnail wp-post-image\" width=\"220\" height=\"145\" style=\"object-fit:none;width:220px;height:145px;\" \/><\/a><\/div><div class=\"listing-content\"><a class=\"title\" href=\"https:\/\/new-evs.hawa.nl\/es\/creadores-plantillas-email-gmail\/\">7 creadores de plantillas de email para Gmail gratuitos (arrastrar y soltar)<\/a><div class=\"listing-author-date\"> <span class=\"author\">Editorial Team<\/span> -  <span class=\"date\">26 enero 2026<\/span><\/div><span class=\"excerpt\">\u00bfCu\u00e1ndo fue la \u00faltima vez que recibiste un correo electr\u00f3nico memorable y bien dise\u00f1ado? Seguramente te costar\u00e1 recordarlo. Encuentra aqu\u00ed los mejores creadores de plantillas de correo electr\u00f3nico para que destaques.<\/span><\/div><\/li><li class=\"listing-item\"><div class=\"listing-image\"><a href=\"https:\/\/new-evs.hawa.nl\/es\/mejores-analizadores-dmarc\/\" class=\"image\"><img loading=\"lazy\" decoding=\"async\" src=\"https:\/\/new-evs.hawa.nl\/wp-content\/uploads\/analizadores-DMARC-gratuitos-220x145.jpg\" class=\"attachment-thumbnail size-thumbnail wp-post-image\" width=\"220\" height=\"145\" style=\"object-fit:none;width:220px;height:145px;\" \/><\/a><\/div><div class=\"listing-content\"><a class=\"title\" href=\"https:\/\/new-evs.hawa.nl\/es\/mejores-analizadores-dmarc\/\">9 analizadores DMARC gratuitos en 2026 (probados y revisados)<\/a><div class=\"listing-author-date\"> <span class=\"author\">Paul Newham<\/span> -  <span class=\"date\">26 enero 2026<\/span><\/div><span class=\"excerpt\">\u00bfSospecha que su reputaci\u00f3n como remitente ha bajado? Encuentre el mejor servicio de monitoreo de DMARC para recuperarla y protegerla. Analizamos y comparamos las mejores herramientas en esta gu\u00eda.<\/span><\/div><\/li><li class=\"listing-item\"><div class=\"listing-image\"><a href=\"https:\/\/new-evs.hawa.nl\/es\/api-email-para-fintech\/\" class=\"image\"><img loading=\"lazy\" decoding=\"async\" src=\"https:\/\/new-evs.hawa.nl\/wp-content\/uploads\/7-mejores-API-de-email-para-fintech-220x145.jpg\" class=\"attachment-thumbnail size-thumbnail wp-post-image\" width=\"220\" height=\"145\" style=\"object-fit:none;width:220px;height:145px;\" \/><\/a><\/div><div class=\"listing-content\"><a class=\"title\" href=\"https:\/\/new-evs.hawa.nl\/es\/api-email-para-fintech\/\">7 mejores API de email para fintech en 2026 (revisadas)\u00a0<\/a><div class=\"listing-author-date\"> <span class=\"author\">Yaroslav Hurchenko<\/span> -  <span class=\"date\">22 enero 2026<\/span><\/div><span class=\"excerpt\">Las tecnolog\u00edas financieras evolucionan r\u00e1pidamente, y tus correos electr\u00f3nicos tambi\u00e9n deber\u00edan hacerlo. Los clientes esperan recibir actualizaciones seguras y rapid\u00edsimas sobre su dinero por correo electr\u00f3nico. Encuentra rese\u00f1as de los mejores servicios de API de correo electr\u00f3nico para tecnolog\u00edas financieras en nuestra gu\u00eda completa.<\/span><\/div><\/li><li class=\"listing-item\"><div class=\"listing-image\"><a href=\"https:\/\/new-evs.hawa.nl\/es\/bouncer-email-verificacion-resena\/\" class=\"image\"><img loading=\"lazy\" decoding=\"async\" src=\"https:\/\/new-evs.hawa.nl\/wp-content\/uploads\/Resena-de-la-herramienta-de-verificacion-de-email-Bouncer-220x145.jpg\" class=\"attachment-thumbnail size-thumbnail wp-post-image\" width=\"220\" height=\"145\" style=\"object-fit:none;width:220px;height:145px;\" \/><\/a><\/div><div class=\"listing-content\"><a class=\"title\" href=\"https:\/\/new-evs.hawa.nl\/es\/bouncer-email-verificacion-resena\/\">Rese\u00f1a y opiniones de Bouncer 2025: probamos este servicio de verificaci\u00f3n de email<\/a><div class=\"listing-author-date\"> <span class=\"author\">Rukham Khan<\/span> -  <span class=\"date\">22 enero 2026<\/span><\/div><span class=\"excerpt\">Bouncer es un servicio de verificaci\u00f3n de correo electr\u00f3nico. \u00dasalo para limpiar tus listas de correo, validar correos y proteger tu reputaci\u00f3n como remitente. Bouncer se fund\u00f3 en 2017 y, desde entonces, ha verificado m\u00e1s de 2 mil millones de correos. Aqu\u00ed tienes un breve resumen de Bouncer.<\/span><\/div><\/li><li class=\"listing-item\"><div class=\"listing-image\"><a href=\"https:\/\/new-evs.hawa.nl\/es\/activecampaign-crm-resena\/\" class=\"image\"><img loading=\"lazy\" decoding=\"async\" src=\"https:\/\/new-evs.hawa.nl\/wp-content\/uploads\/imagen-destacada-ActiveCampaign-crm-resena-de-2023-la-mejor-automatizacion-de-ventas-220x145.jpg\" class=\"attachment-thumbnail size-thumbnail wp-post-image\" width=\"220\" height=\"145\" style=\"object-fit:none;width:220px;height:145px;\" \/><\/a><\/div><div class=\"listing-content\"><a class=\"title\" href=\"https:\/\/new-evs.hawa.nl\/es\/activecampaign-crm-resena\/\">ActiveCampaign CRM rese\u00f1a 2026: \u00bfla mejor automatizaci\u00f3n de ventas?<\/a><div class=\"listing-author-date\"> <span class=\"author\">Paul Newham<\/span> -  <span class=\"date\">8 diciembre 2025<\/span><\/div><span class=\"excerpt\">ActiveCampaign es bien conocido por la automatizaci\u00f3n del marketing por correo electr\u00f3nico. Pero no se detiene ah\u00ed. Tambi\u00e9n ofrece un servicio de automatizaci\u00f3n de ventas y CRM llamado ActiveCampaign Sales. Descubre lo bueno que es el CRM de ActiveCampaign aqu\u00ed.<\/span><\/div><\/li><li class=\"listing-item\"><div class=\"listing-image\"><a href=\"https:\/\/new-evs.hawa.nl\/es\/brevo-precios\/\" class=\"image\"><img loading=\"lazy\" decoding=\"async\" src=\"https:\/\/new-evs.hawa.nl\/wp-content\/uploads\/Brevo-precios-planes-opiniones-descuentos-Es-realmente-la-herramienta-de-email-mas-barata-220x145.jpg\" class=\"attachment-thumbnail size-thumbnail wp-post-image\" width=\"220\" height=\"145\" style=\"object-fit:none;width:220px;height:145px;\" \/><\/a><\/div><div class=\"listing-content\"><a class=\"title\" href=\"https:\/\/new-evs.hawa.nl\/es\/brevo-precios\/\">Brevo precios 2026: \u00bfEs realmente la herramienta de email m\u00e1s barata?<\/a><div class=\"listing-author-date\"> <span class=\"author\">Mor Mester<\/span> -  <span class=\"date\">7 diciembre 2025<\/span><\/div><span class=\"excerpt\">Brevo es una plataforma CRM y marketing por correo electr\u00f3nico todo en uno. Es una herramienta f\u00e1cil de usar con precios competitivos y funciones avanzadas. Descubra si es el ESP m\u00e1s barato y en qu\u00e9 centrarse al elegir un plan.<\/span><\/div><\/li><li class=\"listing-item\"><div class=\"listing-image\"><a href=\"https:\/\/new-evs.hawa.nl\/es\/resena-mailgun\/\" class=\"image\"><img loading=\"lazy\" decoding=\"async\" src=\"https:\/\/new-evs.hawa.nl\/wp-content\/uploads\/ventajas-y-desventajas-de-Mailgun-resena-220x145.jpg\" class=\"attachment-thumbnail size-thumbnail wp-post-image\" width=\"220\" height=\"145\" style=\"object-fit:none;width:220px;height:145px;\" \/><\/a><\/div><div class=\"listing-content\"><a class=\"title\" href=\"https:\/\/new-evs.hawa.nl\/es\/resena-mailgun\/\">Rese\u00f1a de Mailgun (2026): \u00bfEl mejor servicio de email transaccional para los programadores?<\/a><div class=\"listing-author-date\"> <span class=\"author\">Paul Newham<\/span> -  <span class=\"date\">7 diciembre 2025<\/span><\/div><span class=\"excerpt\">\u00bfBusca el servicio API de correo electr\u00f3nico para correos electr\u00f3nicos transaccionales? Lea nuestra revisi\u00f3n completa de Mailgun para conocer las caracter\u00edsticas, ventajas, desventajas y precios. Descubra si es la mejor opci\u00f3n para usted.<\/span><\/div><\/li><li class=\"listing-item\"><div class=\"listing-image\"><a href=\"https:\/\/new-evs.hawa.nl\/es\/thinkific-opiniones\/\" class=\"image\"><img loading=\"lazy\" decoding=\"async\" src=\"https:\/\/new-evs.hawa.nl\/wp-content\/uploads\/Resena-y-opiniones-de-Thinkific-en-2025-220x145.jpg\" class=\"attachment-thumbnail size-thumbnail wp-post-image\" width=\"220\" height=\"145\" style=\"object-fit:none;width:220px;height:145px;\" \/><\/a><\/div><div class=\"listing-content\"><a class=\"title\" href=\"https:\/\/new-evs.hawa.nl\/es\/thinkific-opiniones\/\">Rese\u00f1a y opiniones de Thinkific en 2026: \u00bfes la mejor plataforma de cursos online para ti?\u00a0<\/a><div class=\"listing-author-date\"> <span class=\"author\">Mor Mester<\/span> -  <span class=\"date\">6 diciembre 2025<\/span><\/div><span class=\"excerpt\">A la hora de elegir una plataforma de cursos online, Thinkific siempre es una opci\u00f3n. Es muy popular, con m\u00e1s de 50.000 usuarios, y una de las mejores soluciones para vender formaci\u00f3n online. Pero \u00bfes la adecuada para ti?<\/span><\/div><\/li><p><a href=\"https:\/\/new-evs.hawa.nl\/es\/wp-json\/wp\/v2\/pages\/65705\/page\/2\/\" class=\"more-articles\">more articles here &gt;<\/a><\/p><\/ul>\n","protected":false},"excerpt":{"rendered":"<p>Here you will find the articles to help select, manage and evaluate.<\/p>\n","protected":false},"author":1,"featured_media":0,"parent":0,"menu_order":0,"comment_status":"closed","ping_status":"closed","template":"","meta":{"_acf_changed":false,"_editorskit_title_hidden":false,"_editorskit_reading_time":0,"_editorskit_is_block_options_detached":false,"_editorskit_block_options_position":"{}","footnotes":""},"coauthors":[527],"acf":[],"_links":{"self":[{"href":"https:\/\/new-evs.hawa.nl\/es\/wp-json\/wp\/v2\/pages\/65705"}],"collection":[{"href":"https:\/\/new-evs.hawa.nl\/es\/wp-json\/wp\/v2\/pages"}],"about":[{"href":"https:\/\/new-evs.hawa.nl\/es\/wp-json\/wp\/v2\/types\/page"}],"author":[{"embeddable":true,"href":"https:\/\/new-evs.hawa.nl\/es\/wp-json\/wp\/v2\/users\/1"}],"replies":[{"embeddable":true,"href":"https:\/\/new-evs.hawa.nl\/es\/wp-json\/wp\/v2\/comments?post=65705"}],"version-history":[{"count":2,"href":"https:\/\/new-evs.hawa.nl\/es\/wp-json\/wp\/v2\/pages\/65705\/revisions"}],"predecessor-version":[{"id":79503,"href":"https:\/\/new-evs.hawa.nl\/es\/wp-json\/wp\/v2\/pages\/65705\/revisions\/79503"}],"wp:attachment":[{"href":"https:\/\/new-evs.hawa.nl\/es\/wp-json\/wp\/v2\/media?parent=65705"}],"wp:term":[{"taxonomy":"author","embeddable":true,"href":"https:\/\/new-evs.hawa.nl\/es\/wp-json\/wp\/v2\/coauthors?post=65705"}],"curies":[{"name":"wp","href":"https:\/\/api.w.org\/{rel}","templated":true}]}}